{"id":57442,"date":"2025-11-04T14:29:18","date_gmt":"2025-11-04T19:29:18","guid":{"rendered":"https:\/\/unmondemtl.com\/?page_id=57442"},"modified":"2025-11-04T20:04:09","modified_gmt":"2025-11-05T01:04:09","slug":"entreprise","status":"publish","type":"page","link":"https:\/\/unmondemtl.com\/index.php\/entreprise\/","title":{"rendered":"Entreprise"},"content":{"rendered":"<div class=\"wpb-content-wrapper\"><p>[vc_row][vc_column][vc_column_text css=\u00a0\u00bb\u00a0\u00bb]<\/p>\n<h3 data-start=\"51\" data-end=\"670\"><strong data-start=\"51\" data-end=\"99\">Meubles &amp; objets pour espaces professionnels<\/strong><\/h3>\n<p data-start=\"51\" data-end=\"670\"><span style=\"color: #000000;\">Vous \u00eates une entreprise, un restaurant, un caf\u00e9 ou un\u00b7e designer d\u2019int\u00e9rieur au Qu\u00e9bec?<br \/>\n<strong data-start=\"227\" data-end=\"247\">Un Monde Meubles<\/strong> met \u00e0 votre port\u00e9e une s\u00e9lection \u2014 en grande quantit\u00e9 \u2014 de tables, de meubles et objets d\u00e9coratifs d\u2019exception. Mat\u00e9riaux nobles, qualit\u00e9 durable et service attentionn\u00e9 pour renouveler votre d\u00e9cor et cr\u00e9er une ambiance qui marque. Que ce soit pour une salle \u00e0 manger, un comptoir, des bureaux ou une boutique, notre \u00e9quipe vous conseille, pr\u00e9pare une s\u00e9lection sur mesure et coordonne la livraison.<\/span><\/p>\n<p data-start=\"672\" data-end=\"817\"><span style=\"color: #000000;\"><strong data-start=\"672\" data-end=\"703\">Parlez-nous de votre projet<\/strong> : contactez-nous pour une proposition et planifiez une visite de notre showroom \u00e0 Montr\u00e9al.<\/span><\/p>\n<p>[\/vc_column_text][\/vc_column][\/vc_row][vc_row][vc_column][vc_empty_space height=\u00a0\u00bb22px\u00a0\u00bb][\/vc_column][\/vc_row][vc_row][vc_column width=\u00a0\u00bb1\/4&Prime;][vc_single_image image=\u00a0\u00bb57446&Prime; img_size=\u00a0\u00bb500&#215;600&Prime; alignment=\u00a0\u00bbcenter\u00a0\u00bb css=\u00a0\u00bb\u00a0\u00bb][\/vc_column][vc_column width=\u00a0\u00bb1\/4&Prime;][vc_single_image image=\u00a0\u00bb57447&Prime; img_size=\u00a0\u00bb500&#215;600&Prime; alignment=\u00a0\u00bbcenter\u00a0\u00bb css=\u00a0\u00bb\u00a0\u00bb][\/vc_column][vc_column width=\u00a0\u00bb1\/4&Prime;][vc_single_image image=\u00a0\u00bb57448&Prime; img_size=\u00a0\u00bb500&#215;600&Prime; alignment=\u00a0\u00bbcenter\u00a0\u00bb css=\u00a0\u00bb\u00a0\u00bb][\/vc_column][vc_column width=\u00a0\u00bb1\/4&Prime;][vc_single_image image=\u00a0\u00bb57449&Prime; img_size=\u00a0\u00bb500&#215;600&Prime; alignment=\u00a0\u00bbcenter\u00a0\u00bb css=\u00a0\u00bb\u00a0\u00bb][\/vc_column][\/vc_row][vc_row][vc_column][vc_column_text css=\u00a0\u00bb\u00a0\u00bb]Un de nos projets le restaurant Kwizinn \u00e0 Verdun[\/vc_column_text][\/vc_column][\/vc_row]<\/p>\n<\/div>","protected":false},"excerpt":{"rendered":"<p>[vc_row][vc_column][vc_column_text css=\u00a0\u00bb\u00a0\u00bb] Meubles &amp; objets pour espaces professionnels Vous \u00eates une entreprise, un restaurant, un caf\u00e9 ou un\u00b7e designer d\u2019int\u00e9rieur au Qu\u00e9bec? Un Monde Meubles met \u00e0 votre port\u00e9e une s\u00e9lection \u2014 en grande quantit\u00e9 \u2014 de tables, de meubles et objets d\u00e9coratifs d\u2019exception. Mat\u00e9riaux nobles, qualit\u00e9 durable et service attentionn\u00e9 pour renouveler votre d\u00e9cor&hellip;<\/p>\n","protected":false},"author":1,"featured_media":0,"parent":0,"menu_order":0,"comment_status":"closed","ping_status":"closed","template":"","meta":{"footnotes":""},"class_list":["post-57442","page","type-page","status-publish","hentry","description-off"],"_links":{"self":[{"href":"https:\/\/unmondemtl.com\/index.php\/wp-json\/wp\/v2\/pages\/57442","targetHints":{"allow":["GET"]}}],"collection":[{"href":"https:\/\/unmondemtl.com\/index.php\/wp-json\/wp\/v2\/pages"}],"about":[{"href":"https:\/\/unmondemtl.com\/index.php\/wp-json\/wp\/v2\/types\/page"}],"author":[{"embeddable":true,"href":"https:\/\/unmondemtl.com\/index.php\/wp-json\/wp\/v2\/users\/1"}],"replies":[{"embeddable":true,"href":"https:\/\/unmondemtl.com\/index.php\/wp-json\/wp\/v2\/comments?post=57442"}],"version-history":[{"count":7,"href":"https:\/\/unmondemtl.com\/index.php\/wp-json\/wp\/v2\/pages\/57442\/revisions"}],"predecessor-version":[{"id":57480,"href":"https:\/\/unmondemtl.com\/index.php\/wp-json\/wp\/v2\/pages\/57442\/revisions\/57480"}],"wp:attachment":[{"href":"https:\/\/unmondemtl.com\/index.php\/wp-json\/wp\/v2\/media?parent=57442"}],"curies":[{"name":"wp","href":"https:\/\/api.w.org\/{rel}","templated":true}]}}