{"id":57433,"date":"2025-11-03T20:53:24","date_gmt":"2025-11-04T01:53:24","guid":{"rendered":"https:\/\/unmondemtl.com\/?page_id=57433"},"modified":"2025-11-10T22:03:10","modified_gmt":"2025-11-11T03:03:10","slug":"a-propos","status":"publish","type":"page","link":"https:\/\/unmondemtl.com\/index.php\/a-propos\/","title":{"rendered":"\u00c0 propos"},"content":{"rendered":"<div class=\"wpb-content-wrapper\"><p>[vc_row][vc_column][vc_single_image image=\u00a0\u00bb57510&Prime; img_size=\u00a0\u00bb1250&#215;650&Prime; alignment=\u00a0\u00bbcenter\u00a0\u00bb css=\u00a0\u00bb\u00a0\u00bb][\/vc_column][\/vc_row][vc_row][vc_column][vc_column_text css=\u00a0\u00bb\u00a0\u00bb]<\/p>\n<h3 data-start=\"225\" data-end=\"261\"><span style=\"color: #000000;\">Un Monde : meubles &amp; d\u00e9co, n\u00e9 \u00e0 Montr\u00e9al en 1992<\/span><\/h3>\n<p data-start=\"262\" data-end=\"603\"><span style=\"color: #000000;\">Un Monde est n\u00e9 en <strong data-start=\"281\" data-end=\"289\">1992<\/strong> \u00e0 Montr\u00e9al. Caroline et son mari, tous deux passionn\u00e9s de voyage, de d\u00e9coration et de belles choses, ouvrent leur premi\u00e8re boutique sur le Boul. Saint-Laurent. Voyageurs dans l&rsquo;\u00e2me, ils insufflent \u00e0 la maison Un Monde un sens inn\u00e9 de l\u2019accueil, du commerce juste et du go\u00fbt pour les mati\u00e8res authentiques.<\/span><\/p>\n<p data-start=\"605\" data-end=\"870\"><span style=\"color: #000000;\">Au fil des ans, la boutique grandit, d\u00e9m\u00e9nage sur la rue Saint-Denis et devient une adresse incontournable pour les amoureux de mobilier au caract\u00e8re unique : meubles artisanaux, pi\u00e8ces restaur\u00e9es, trouvailles vintage, objets d\u00e9coratifs choisis presque un \u00e0 un.<\/span><\/p>\n<h3 data-start=\"872\" data-end=\"891\"><span style=\"color: #000000;\">Notre mission<\/span><\/h3>\n<p data-start=\"892\" data-end=\"1107\"><span style=\"color: #000000;\">Meubler vos int\u00e9rieurs \u2014 maisons, restaurants, caf\u00e9s, boutiques et bureaux \u2014 avec des pi\u00e8ces de qualit\u00e9 durable \u00e0 des prix justes, en privil\u00e9giant le savoir-faire, la patine du temps et les mat\u00e9riaux nobles.<\/span><\/p>\n<h3 data-start=\"1109\" data-end=\"1130\"><span style=\"color: #000000;\">Notre signature<\/span><\/h3>\n<ul data-start=\"1131\" data-end=\"1537\">\n<li data-start=\"1131\" data-end=\"1240\">\n<p data-start=\"1133\" data-end=\"1240\"><span style=\"color: #000000;\"><strong data-start=\"1133\" data-end=\"1155\">Curations soign\u00e9es<\/strong> : chaque pi\u00e8ce est s\u00e9lectionn\u00e9e pour son \u00e2me, sa fabrication et sa fonctionnalit\u00e9.<\/span><\/p>\n<\/li>\n<li data-start=\"1241\" data-end=\"1391\">\n<p data-start=\"1243\" data-end=\"1391\"><span style=\"color: #000000;\"><strong data-start=\"1243\" data-end=\"1269\">Quantit\u00e9s pour projets<\/strong> : chaises, tables, commodes, buffets, cadres et objets d\u00e9coratifs disponibles en grande quantit\u00e9 pour les besoins des entreprises et designers.<\/span><\/p>\n<\/li>\n<li data-start=\"1392\" data-end=\"1537\">\n<p data-start=\"1394\" data-end=\"1537\"><span style=\"color: #000000;\"><strong data-start=\"1394\" data-end=\"1417\">Service attentionn\u00e9<\/strong> : accompagnement sur mesure, location de courte dur\u00e9e possible pour certains projets, et coordination de livraison.<\/span><\/p>\n<\/li>\n<\/ul>\n<h3 data-start=\"1539\" data-end=\"1560\"><span style=\"color: #000000;\">Venez nous voir<\/span><\/h3>\n<p data-start=\"1561\" data-end=\"1698\"><span style=\"color: #000000;\">\u00c0 la <strong>boutique<\/strong> sur la rue Saint-Denis pour y d\u00e9nicher des articles qui sublimeront vos int\u00e9rieurs \u00e0 prix tout doux.<\/span><\/p>\n<p data-start=\"1561\" data-end=\"1698\"><span style=\"color: #000000;\">Notre <strong data-start=\"1567\" data-end=\"1602\">showroom<\/strong> Boul. D\u00e9carie vous accueille pour d\u00e9couvrir nos collections et pr\u00e9parer une s\u00e9lection adapt\u00e9e \u00e0 votre projet.<\/span><\/p>\n<p data-start=\"1700\" data-end=\"1808\"><span style=\"color: #000000;\"><strong data-start=\"1700\" data-end=\"1731\">Parlez-nous de votre projet<\/strong><\/span><br data-start=\"1731\" data-end=\"1734\" \/><span style=\"color: #000000;\">\u00c9crivez-nous : nous serons heureux de vous conseiller.<\/span><\/p>\n<p>[\/vc_column_text][\/vc_column][\/vc_row]<\/p>\n<\/div>","protected":false},"excerpt":{"rendered":"<p>[vc_row][vc_column][vc_single_image image=\u00a0\u00bb57510&Prime; img_size=\u00a0\u00bb1250&#215;650&Prime; alignment=\u00a0\u00bbcenter\u00a0\u00bb css=\u00a0\u00bb\u00a0\u00bb][\/vc_column][\/vc_row][vc_row][vc_column][vc_column_text css=\u00a0\u00bb\u00a0\u00bb] Un Monde : meubles &amp; d\u00e9co, n\u00e9 \u00e0 Montr\u00e9al en 1992 Un Monde est n\u00e9 en 1992 \u00e0 Montr\u00e9al. Caroline et son mari, tous deux passionn\u00e9s de voyage, de d\u00e9coration et de belles choses, ouvrent leur premi\u00e8re boutique sur le Boul. Saint-Laurent. Voyageurs dans l&rsquo;\u00e2me, ils insufflent \u00e0 la&hellip;<\/p>\n","protected":false},"author":1,"featured_media":0,"parent":0,"menu_order":0,"comment_status":"closed","ping_status":"closed","template":"","meta":{"footnotes":""},"class_list":["post-57433","page","type-page","status-publish","hentry","description-off"],"_links":{"self":[{"href":"https:\/\/unmondemtl.com\/index.php\/wp-json\/wp\/v2\/pages\/57433","targetHints":{"allow":["GET"]}}],"collection":[{"href":"https:\/\/unmondemtl.com\/index.php\/wp-json\/wp\/v2\/pages"}],"about":[{"href":"https:\/\/unmondemtl.com\/index.php\/wp-json\/wp\/v2\/types\/page"}],"author":[{"embeddable":true,"href":"https:\/\/unmondemtl.com\/index.php\/wp-json\/wp\/v2\/users\/1"}],"replies":[{"embeddable":true,"href":"https:\/\/unmondemtl.com\/index.php\/wp-json\/wp\/v2\/comments?post=57433"}],"version-history":[{"count":7,"href":"https:\/\/unmondemtl.com\/index.php\/wp-json\/wp\/v2\/pages\/57433\/revisions"}],"predecessor-version":[{"id":57511,"href":"https:\/\/unmondemtl.com\/index.php\/wp-json\/wp\/v2\/pages\/57433\/revisions\/57511"}],"wp:attachment":[{"href":"https:\/\/unmondemtl.com\/index.php\/wp-json\/wp\/v2\/media?parent=57433"}],"curies":[{"name":"wp","href":"https:\/\/api.w.org\/{rel}","templated":true}]}}